{"id":11,"date":"2016-03-22T10:54:05","date_gmt":"2016-03-22T09:54:05","guid":{"rendered":"http:\/\/strolch-tour.de\/?page_id=11"},"modified":"2017-05-22T13:30:56","modified_gmt":"2017-05-22T12:30:56","slug":"ueber-uns","status":"publish","type":"page","link":"http:\/\/www.strolch-tour.de\/?page_id=11","title":{"rendered":"\u00dcber uns"},"content":{"rendered":"<p>Das Familienunternehmen Mietwagen &amp; Busbetrieb Konjevic wurde am 14.08.1991 gegr\u00fcndet.<br \/>\nIn unserem Unternehmenarbeiten derzeit 4 Angestellte mit den Qualifizierungen f\u00fcr<br \/>\nFahrgastbef\u00f6rderung und Busf\u00fchrerschein.<\/p>\n<p>Unser Einsatzbereich ist:<\/p>\n<p>\u2013 Krankenfahrten zu station\u00e4r oder ambulanten Behandlungen<br \/>\n\u2013 Dialysefahrten<br \/>\n\u2013 Fahrten zur Strahlenbehandlung<br \/>\n\u2013 Fahrten zur Chemotherapie<\/p>\n<p>Als <a href=\"http:\/\/www.ltv-thueringen.de\/page\/home\/\" target=\"_blank\" rel=\"noopener noreferrer\">LTV Mitglied<\/a> und bestehender Rahmenvertr\u00e4ge, k\u00f6nnen wir f\u00fcr alle Krankenkassen fahren.<\/p>\n<p>\u2013 Zubringer \/ Transferfahrten<br \/>\n\u2013 bei feierlichen Anl\u00e4ssen organisieren wir gerne f\u00fcr Sie den Fahrdienst.<\/p>\n<p>Der Reisebus &amp; Midibus k\u00f6nnen Familien, Firmen oder Vereine zu Veranstaltungen oder Sportwettk\u00e4mpfen mit Busfahrer anmieten.<\/p>\n<p>Bei Mehrtagesfahrten mit dem Reisebus erstellen wir f\u00fcr Sie ein komplettes Reiseprogramm mit \u00dcbernachtung und Ausflugsfahrten.<\/p>\n","protected":false},"excerpt":{"rendered":"<p>Das Familienunternehmen Mietwagen &amp; Busbetrieb Konjevic wurde am 14.08.1991 gegr\u00fcndet. In unserem Unternehmenarbeiten derzeit 4 Angestellte mit den Qualifizierungen f\u00fcr&hellip;<\/p>\n","protected":false},"author":2,"featured_media":0,"parent":0,"menu_order":0,"comment_status":"closed","ping_status":"closed","template":"","meta":{"footnotes":""},"class_list":["post-11","page","type-page","status-publish","hentry"],"_links":{"self":[{"href":"http:\/\/www.strolch-tour.de\/index.php?rest_route=\/wp\/v2\/pages\/11","targetHints":{"allow":["GET"]}}],"collection":[{"href":"http:\/\/www.strolch-tour.de\/index.php?rest_route=\/wp\/v2\/pages"}],"about":[{"href":"http:\/\/www.strolch-tour.de\/index.php?rest_route=\/wp\/v2\/types\/page"}],"author":[{"embeddable":true,"href":"http:\/\/www.strolch-tour.de\/index.php?rest_route=\/wp\/v2\/users\/2"}],"replies":[{"embeddable":true,"href":"http:\/\/www.strolch-tour.de\/index.php?rest_route=%2Fwp%2Fv2%2Fcomments&post=11"}],"version-history":[{"count":4,"href":"http:\/\/www.strolch-tour.de\/index.php?rest_route=\/wp\/v2\/pages\/11\/revisions"}],"predecessor-version":[{"id":108,"href":"http:\/\/www.strolch-tour.de\/index.php?rest_route=\/wp\/v2\/pages\/11\/revisions\/108"}],"wp:attachment":[{"href":"http:\/\/www.strolch-tour.de\/index.php?rest_route=%2Fwp%2Fv2%2Fmedia&parent=11"}],"curies":[{"name":"wp","href":"https:\/\/api.w.org\/{rel}","templated":true}]}}