{"id":9,"date":"2016-03-22T10:53:50","date_gmt":"2016-03-22T09:53:50","guid":{"rendered":"http:\/\/strolch-tour.de\/?page_id=9"},"modified":"2026-03-27T11:26:02","modified_gmt":"2026-03-27T10:26:02","slug":"reiseangebote","status":"publish","type":"page","link":"http:\/\/www.strolch-tour.de\/","title":{"rendered":"Unsere Reiseangebote f\u00fcr 2026"},"content":{"rendered":"\n<p class=\"has-text-align-center has-vivid-red-color has-text-color has-link-color has-large-font-size wp-elements-d1ccef31eeddaccc0a3625cf86939569\"><strong>Unterwegs im polnischen Riesengebirge &#8211; noch wenige Pl\u00e4tze vorhanden!<\/strong><\/p>\n\n\n\n<p class=\"has-text-align-center\"><strong>Reisetermin: Do. 14.05.2026 bis So. 17.05.2026<\/strong><\/p>\n\n\n\n<p>Leistungspaket:<\/p>\n\n\n\n<ul class=\"wp-block-list\">\n<li>Busleistung in einem modernen VIP-Reisebus mit 30 Reisepl\u00e4tzen.<\/li>\n\n\n\n<li>3x \u00dcbernachtung mit Fr\u00fchst\u00fcck im Hotel Mercure Karpacz Resort in Karpacz.<\/li>\n\n\n\n<li>3x Abendessen, 3-Gang-Men\u00fc.<\/li>\n\n\n\n<li>Nutzung von Schwimmbad, Whirlpool, Sauna und Fitnessraum.<\/li>\n\n\n\n<li>1x Kaffee und Kuchen in einem Restaurant in Karpacz mit R\u00fcbezahl besuch und musikalischer Begleitung.<\/li>\n\n\n\n<li>ganzt\u00e4gige Reiseleitung Rundfahrt Schmuckst\u00fccke des Riesengebirges mit Hirschberg.<\/li>\n\n\n\n<li>Eintritt Stabkirche Wang.<\/li>\n\n\n\n<li>Folkloreabend mit Grillspezialit\u00e4ten in einer urigen Baude.<\/li>\n\n\n\n<li>Ortstaxe.<\/li>\n<\/ul>\n\n\n\n<p class=\"has-text-align-center\">Reisepreis pro Person inkl. Leistungspaket<br>560,00 \u20ac<br>EZ.- Zuschlag<br>96,00 \u20ac<\/p>\n\n\n\n<p class=\"has-text-align-left\">Kostenloser R\u00fccktritt: 20 M\u00e4rz 2026<\/p>\n\n\n\n<p class=\"has-text-align-center has-vivid-red-color has-text-color has-link-color has-large-font-size wp-elements-db5aa76c026c914bc6a192530e0477a0\"><strong>7 Tage Rund um die Ostsee<\/strong><\/p>\n\n\n\n<p class=\"has-text-align-center has-black-color has-text-color has-link-color has-medium-font-size wp-elements-d6fc25374e882180becdeea5a0a9e432\"><strong>Reisetermin: Mo. 22.06.2026 bis So. 28.06.2026<\/strong><\/p>\n\n\n\n<div class=\"wp-block-group\"><div class=\"wp-block-group__inner-container is-layout-constrained wp-block-group-is-layout-constrained\">\n<p>Leistungspaket:<\/p>\n\n\n\n<ul class=\"wp-block-list\">\n<li>Busleistung in einem modernen Reisebus mit 30 Reisepl\u00e4tzen.<\/li>\n\n\n\n<li>Begr\u00fc\u00dfungstrunk bei der Anreise im Bus.<\/li>\n\n\n\n<li>6x \u00dcbernachtung mit Fr\u00fchst\u00fcck im 4 Hotel Schweriner Hof <a href=\"http:\/\/www.schweriner-hof.de\" data-type=\"link\" data-id=\"www.schweriner-hof.de\">www.schweriner-hof.de<\/a><\/li>\n\n\n\n<li>6x Abendessen, 3-Gang-Men\u00fc oder Buffet.<\/li>\n\n\n\n<li>R\u00fcgens Nordspitze- Kap Arkona mit einer Kremser Fahrt zu den sch\u00f6nsten Ausflugszielen.<\/li>\n\n\n\n<li>Schifffahrt zur Insel Hiddensee mit Aufenthalt auf der Insel.<\/li>\n\n\n\n<li>Tagesfahrt nach Warnem\u00fcnde und Rostock.<\/li>\n\n\n\n<li>am Strand von Zingst. Zeit f\u00fcr einen Spaziergang zur Seebr\u00fccke oder Baden in der Ostsee.<\/li>\n\n\n\n<li>Tagesfahrt zur Insel Usedom.<\/li>\n\n\n\n<li>Sehensw\u00fcrdigkeiten von Stralsund erleben.<\/li>\n\n\n\n<li>sachkundige Reiseleiter<\/li>\n\n\n\n<li>Kurtaxe<\/li>\n<\/ul>\n\n\n\n<p class=\"has-text-align-center\">Reisepreis pro Person inkl. Leistungspaket<br>1.100,00 \u20ac<br>EZ.- Zuschlag<br>130,00 \u20ac<\/p>\n\n\n\n<p class=\"has-text-align-left\">Kostenloser R\u00fccktritt: 16 April 2026<\/p>\n\n\n\n<p class=\"has-text-align-center has-vivid-red-color has-text-color has-link-color has-large-font-size wp-elements-e025a92e060cbe44d6c7db64200784f2\"><strong>Gipfelgl\u00fcck und Talidylle im Kleinwalzertal<\/strong><\/p>\n\n\n\n<p class=\"has-text-align-center has-black-color has-text-color has-link-color has-medium-font-size wp-elements-9c23ccc29d3e81541831cf3142e8da52\"><strong>Reisetermin: Mo. 31.08.2026 bis So. 06.09.2026<\/strong><\/p>\n\n\n\n<div class=\"wp-block-group\"><div class=\"wp-block-group__inner-container is-layout-constrained wp-block-group-is-layout-constrained\">\n<p>Leistungspaket:<\/p>\n\n\n\n<ul class=\"wp-block-list\">\n<li>Busleistung in einem modernem **** Reisebus mit 30 Reisepl\u00e4tzen.<\/li>\n\n\n\n<li>6x \u00dcbernachtung mit Fr\u00fchst\u00fcck im Allg\u00e4u Sterne Hotel in Sonthofen.<\/li>\n\n\n\n<li>6x Abendessen vom Buffet.<\/li>\n\n\n\n<li>Kostenfreie Nutzung des Aqua Parks mit Hallenbad und Freibad und Saunalandschaft.<\/li>\n\n\n\n<li>Allg\u00e4uer- Walser- Pass Premium Erm\u00e4\u00dfigung bei \u00fcber 150 bis 200 Attraktionen zum Bsp.  Breitachklamm- Ifenbahn- Kanzelwandbahn- S\u00f6llereckbahn- Fellhornbahn.<\/li>\n\n\n\n<li>Berg- Talfahrt sowie Turmaufzug Heini Klopfer Skiflugschanze.<\/li>\n<\/ul>\n\n\n\n<p class=\"has-text-align-center\">Reisepreis pro Person inkl. Leistungspaket<br>830,00 \u20ac<br>EZ.- Zuschlag<br>180,00 \u20ac<\/p>\n\n\n\n<p class=\"has-text-align-left\">Teilnehmer: mind. 23 Personen<\/p>\n\n\n\n<p><\/p>\n<\/div><\/div>\n<\/div><\/div>\n\n\n\n<p class=\"has-text-align-center has-vivid-red-color has-text-color has-link-color has-large-font-size wp-elements-322b17be4936f10b7539f28cb8d234c0\"><strong>Ans Ungarische Meer<\/strong><\/p>\n\n\n\n<p class=\"has-text-align-center has-black-color has-text-color has-link-color has-medium-font-size wp-elements-e621f2763c617cf0375f03366f566497\"><strong>Reisetermin: So. 13.09.2026 bis So. 20.09.2026<\/strong><\/p>\n\n\n\n<div class=\"wp-block-group\"><div class=\"wp-block-group__inner-container is-layout-constrained wp-block-group-is-layout-constrained\">\n<p>Leistungspaket:<\/p>\n\n\n\n<ul class=\"wp-block-list\">\n<li>Busleistung in einem modernen Reisebus.<\/li>\n\n\n\n<li>5x \u00dcbernachtung mit Fr\u00fchst\u00fcck im 4 Sterne Hunguest Bal Resort in Balatonalmadi.<\/li>\n\n\n\n<li>5x Abendessen vom reichhaltigem kalt\/ warm Buffet.<\/li>\n\n\n\n<li>Freie Nutzung des Wellnessbereiches- Saunen und Fitnessraum 7:00-21:00 Uhr.<\/li>\n\n\n\n<li>Badem\u00e4ntel und Badet\u00fccher.<\/li>\n\n\n\n<li>Kurtaxe<\/li>\n\n\n\n<li>W-Lan inkl.<\/li>\n\n\n\n<li>Reiseleitung Tihany inkl. Eintritt Abteikirche und Balatonf\u00fcred.<\/li>\n\n\n\n<li>Stadtrundfahrt Budapest inkl. Fischerbastei und Matthias Kirche.<\/li>\n\n\n\n<li>Ganzt\u00e4gige Reiseleitung Puszta- Ausflug. inkl. Programm Schnapsempfang- Pogatschen<\/li>\n\n\n\n<li>Pferdevorf\u00fchrung und Kutschfahrt. Mittagessen und traditioneller Musik.<\/li>\n\n\n\n<li>Weinlese inkl. Programm Weinmostprobe und Zigeunermusik.<\/li>\n<\/ul>\n\n\n\n<p class=\"has-text-align-center\">Reisepreis pro Person inkl. Leistungspaket<br>950,00 \u20ac<br>EZ.- Zuschlag<br>220,00 \u20ac<\/p>\n\n\n\n<p class=\"has-text-align-left\">Kostenloser R\u00fccktritt: 09 Juli 2026<\/p>\n\n\n\n<p><\/p>\n<\/div><\/div>\n\n\n\n<p class=\"has-text-align-center has-vivid-red-color has-text-color has-link-color has-large-font-size wp-elements-4cdb20593b2a181060e1deb45ccc648e\"><strong>Vorweihnacht &amp; Mettenschicht im Erzgebirge- Sachsen<\/strong><\/p>\n\n\n\n<p class=\"has-text-align-center has-black-color has-text-color has-link-color has-medium-font-size wp-elements-57cfcc8800c2b3b227d6dd357c25f998\"><strong>Reisetermin: Fr. 27.11.2026 bis So. 29.11.2026<\/strong><\/p>\n\n\n\n<div class=\"wp-block-group\"><div class=\"wp-block-group__inner-container is-layout-constrained wp-block-group-is-layout-constrained\">\n<p>Leistungspaket:<\/p>\n\n\n\n<ul class=\"wp-block-list\">\n<li>Busleistung in einem modernem **** Reisebus mit 30 Sitzpl\u00e4tzen.<\/li>\n\n\n\n<li>2x \u00dcbernachtung mit Fr\u00fchst\u00fcck im Hotel Lugsteinhof in Altenberg\/ Zinnwald.<\/li>\n\n\n\n<li>2x Abendessen vom Buffet.<\/li>\n\n\n\n<li>Erzgebirgsabend mit Folkloregruppe am Anreisetag.<\/li>\n\n\n\n<li>Tanzabend im Hotel.<\/li>\n\n\n\n<li>Nutzung der Hotelschwimmhalle und des Fitnessraumes.<\/li>\n\n\n\n<li>Eintritt zur Ausstellung 3 Haseln\u00fcsse f\u00fcr Aschenbr\u00f6del auf Schloss Moritzburg.<\/li>\n\n\n\n<li>Besuch des Canaletto- Weihnachtsmarktes in Pirna.<\/li>\n\n\n\n<li>Mettenschicht im Marie Louise Stollen inkl. Unterhaltung- Bergwerksschmaus und Gastgeschenk.<\/li>\n\n\n\n<li>Besuch des Weihnachtsmarktes auf der Festung K\u00f6nigstein.<\/li>\n<\/ul>\n\n\n\n<p class=\"has-text-align-center\">Reisepreis pro Person inkl. Leistungspaket<br>390,00 \u20ac<br>EZ.- Zuschlag<br>79,00 \u20ac<\/p>\n\n\n\n<p class=\"has-text-align-left\">Kostenloser R\u00fccktritt: 25 September 2026<\/p>\n\n\n\n<p class=\"has-text-align-center has-vivid-red-color has-text-color has-link-color has-large-font-size wp-elements-ecbe9460536944c8cbf77429b08e14f2\"><strong>Silvesterfeier im B\u00e4derdreieck<\/strong><\/p>\n\n\n\n<p class=\"has-text-align-center has-black-color has-text-color has-link-color has-medium-font-size wp-elements-24174483e276abcf9dbbccdf34820044\"><strong>Reisetermin: Di. 29.12.2026 bis Sa. 02.01.2027<\/strong><\/p>\n\n\n\n<div class=\"wp-block-group\"><div class=\"wp-block-group__inner-container is-layout-constrained wp-block-group-is-layout-constrained\">\n<p>Leistungspaket:<\/p>\n\n\n\n<ul class=\"wp-block-list\">\n<li>Busleistung in einem modernem VIP- Reisebus mit 30 Sitzpl\u00e4tzen.<\/li>\n\n\n\n<li>4x \u00dcbernachtung mit Fr\u00fchst\u00fcck im 3- Sterne Hotel Svoboda in Marienbad.<\/li>\n\n\n\n<li>3x Abendessen, 3-Gang-Men\u00fc oder Buffet.<\/li>\n\n\n\n<li>Silvesterfeier mit Festtagsbuffet, buntem Programm und Tanz mit Live Musik.<\/li>\n\n\n\n<li>Freie Nutzung von Hallenbad, Whirlpool mit Massageduschen, Dampfbad und Saune.<\/li>\n\n\n\n<li>Fahrt durch das Fichtelgebirge mit Mittagesspause am Anreisetag.<\/li>\n\n\n\n<li>Stadtrundgang Marienbad.<\/li>\n\n\n\n<li>ganzt\u00e4gige Reiseleitung, inkl. Karlsbad.<\/li>\n\n\n\n<li>Heimreise mit Besuch des Dragon Markt in Cheb Egger. Mittagspause auf dem Heimweg.<\/li>\n<\/ul>\n\n\n\n<p class=\"has-text-align-center\">Reisepreis pro Person inkl. Leistungspaket<br>750,00 \u20ac<br>EZ.- Zuschlag<br>60,00 \u20ac<\/p>\n\n\n\n<p><\/p>\n\n\n\n<p><\/p>\n<\/div><\/div>\n<\/div><\/div>\n\n\n\n<p class=\"has-text-align-center\">Teilnehmerzahl: mind. 25 Personen.<br>Genaue Angaben zur Reise nach Anfrage.<\/p>\n\n\n\n<p class=\"has-text-align-center\"><strong><u>Allgemeine Gesch\u00e4ftsbedingung von Mietwagen &amp; Busbetrieb Konjevic<\/u><\/strong><\/p>\n\n\n\n<figure class=\"wp-block-image size-large\"><img loading=\"lazy\" decoding=\"async\" width=\"724\" height=\"1024\" src=\"http:\/\/www.strolch-tour.de\/wp-content\/uploads\/2026\/02\/Sommerferienfreizeiten-2026-724x1024.jpg\" alt=\"\" class=\"wp-image-612\" srcset=\"http:\/\/www.strolch-tour.de\/wp-content\/uploads\/2026\/02\/Sommerferienfreizeiten-2026-724x1024.jpg 724w, http:\/\/www.strolch-tour.de\/wp-content\/uploads\/2026\/02\/Sommerferienfreizeiten-2026-212x300.jpg 212w, http:\/\/www.strolch-tour.de\/wp-content\/uploads\/2026\/02\/Sommerferienfreizeiten-2026-768x1086.jpg 768w, http:\/\/www.strolch-tour.de\/wp-content\/uploads\/2026\/02\/Sommerferienfreizeiten-2026-1087x1536.jpg 1087w, http:\/\/www.strolch-tour.de\/wp-content\/uploads\/2026\/02\/Sommerferienfreizeiten-2026.jpg 1240w\" sizes=\"auto, (max-width: 724px) 100vw, 724px\" \/><\/figure>\n\n\n\n<p><\/p>\n","protected":false},"excerpt":{"rendered":"<p>Unterwegs im polnischen Riesengebirge &#8211; noch wenige Pl\u00e4tze vorhanden! Reisetermin: Do. 14.05.2026 bis So. 17.05.2026 Leistungspaket: Reisepreis pro Person inkl.&hellip;<\/p>\n","protected":false},"author":2,"featured_media":546,"parent":0,"menu_order":0,"comment_status":"closed","ping_status":"closed","template":"","meta":{"footnotes":""},"class_list":["post-9","page","type-page","status-publish","has-post-thumbnail","hentry"],"_links":{"self":[{"href":"http:\/\/www.strolch-tour.de\/index.php?rest_route=\/wp\/v2\/pages\/9","targetHints":{"allow":["GET"]}}],"collection":[{"href":"http:\/\/www.strolch-tour.de\/index.php?rest_route=\/wp\/v2\/pages"}],"about":[{"href":"http:\/\/www.strolch-tour.de\/index.php?rest_route=\/wp\/v2\/types\/page"}],"author":[{"embeddable":true,"href":"http:\/\/www.strolch-tour.de\/index.php?rest_route=\/wp\/v2\/users\/2"}],"replies":[{"embeddable":true,"href":"http:\/\/www.strolch-tour.de\/index.php?rest_route=%2Fwp%2Fv2%2Fcomments&post=9"}],"version-history":[{"count":210,"href":"http:\/\/www.strolch-tour.de\/index.php?rest_route=\/wp\/v2\/pages\/9\/revisions"}],"predecessor-version":[{"id":622,"href":"http:\/\/www.strolch-tour.de\/index.php?rest_route=\/wp\/v2\/pages\/9\/revisions\/622"}],"wp:featuredmedia":[{"embeddable":true,"href":"http:\/\/www.strolch-tour.de\/index.php?rest_route=\/wp\/v2\/media\/546"}],"wp:attachment":[{"href":"http:\/\/www.strolch-tour.de\/index.php?rest_route=%2Fwp%2Fv2%2Fmedia&parent=9"}],"curies":[{"name":"wp","href":"https:\/\/api.w.org\/{rel}","templated":true}]}}